{"id":24796,"date":"2017-03-07T17:22:49","date_gmt":"2017-03-07T16:22:49","guid":{"rendered":"http:\/\/aptech.cz\/?page_id=24796"},"modified":"2017-03-07T17:50:09","modified_gmt":"2017-03-07T16:50:09","slug":"realization-photo","status":"publish","type":"page","link":"http:\/\/aptech.cz\/?page_id=24796&lang=en","title":{"rendered":"Realization Photo"},"content":{"rendered":"<p>[et_pb_section bb_built=&#8220;1&#8243; admin_label=&#8220;section&#8220;][et_pb_row admin_label=&#8220;row&#8220; make_fullwidth=&#8220;on&#8220; background_color=&#8220;rgba(0,0,0,0.23)&#8220; padding_top_1=&#8220;20px&#8220; padding_right_1=&#8220;20px&#8220; padding_bottom_1=&#8220;20px&#8220; padding_left_1=&#8220;20px&#8220; parallax_method_1=&#8220;off&#8220;][et_pb_column type=&#8220;4_4&#8243;][et_pb_text admin_label=&#8220;Text&#8220; text_orientation=&#8220;center&#8220; background_layout=&#8220;light&#8220; use_border_color=&#8220;off&#8220; border_color=&#8220;#ffffff&#8220; border_style=&#8220;solid&#8220;]<\/p>\n<h1><span id=\"result_box\" class=\"short_text\" lang=\"en\"><span class=\"\">Realized projects<\/span><\/span><\/h1>\n<p>[\/et_pb_text][\/et_pb_column][\/et_pb_row][et_pb_row admin_label=&#8220;\u0158\u00e1dek&#8220;][et_pb_column type=&#8220;4_4&#8243;][et_pb_text admin_label=&#8220;Text&#8220;]<\/p>\n<h2>Kysl\u00edko-plynov\u00e9 ho\u0159\u00e1ky<\/h2>\n<p>[\/et_pb_text][\/et_pb_column][\/et_pb_row][et_pb_row admin_label=&#8220;\u0158\u00e1dek&#8220;][et_pb_column type=&#8220;1_2&#8243;][et_pb_image admin_label=&#8220;Obr\u00e1zek&#8220; src=&#8220;http:\/\/aptech.cz\/wp-content\/uploads\/aptech-czP1010064.jpg&#8220; show_in_lightbox=&#8220;on&#8220;] [\/et_pb_image][\/et_pb_column][et_pb_column type=&#8220;1_2&#8243;][et_pb_image admin_label=&#8220;Obr\u00e1zek&#8220; src=&#8220;http:\/\/aptech.cz\/wp-content\/uploads\/aptech-czP1010134.jpg&#8220; show_in_lightbox=&#8220;on&#8220; animation=&#8220;right&#8220;] [\/et_pb_image][\/et_pb_column][\/et_pb_row][et_pb_row admin_label=&#8220;\u0158\u00e1dek&#8220;][et_pb_column type=&#8220;4_4&#8243;][et_pb_divider admin_label=&#8220;Odd\u011blova\u010d&#8220; color=&#8220;#a5a5a5&#8243; show_divider=&#8220;on&#8220;] [\/et_pb_divider][\/et_pb_column][\/et_pb_row][et_pb_row admin_label=&#8220;\u0158\u00e1dek&#8220;][et_pb_column type=&#8220;1_2&#8243;][et_pb_text admin_label=&#8220;Text&#8220; disabled_on=&#8220;off|on|off&#8220;]<\/p>\n<h2>Svisl\u00e9 oh\u0159evy ocel\u00e1rensk\u00fdch p\u00e1nv\u00ed<\/h2>\n<p>[\/et_pb_text][\/et_pb_column][et_pb_column type=&#8220;1_2&#8243;][et_pb_text admin_label=&#8220;Text&#8220;]<\/p>\n<h2>Vodorovn\u00e9 oh\u0159evy ocel\u00e1rensk\u00fdch p\u00e1nv\u00ed<\/h2>\n<p>[\/et_pb_text][\/et_pb_column][\/et_pb_row][et_pb_row admin_label=&#8220;\u0158\u00e1dek&#8220;][et_pb_column type=&#8220;1_2&#8243;][et_pb_image admin_label=&#8220;Obr\u00e1zek&#8220; src=&#8220;http:\/\/aptech.cz\/wp-content\/uploads\/aptech-czP1010072.jpg&#8220; show_in_lightbox=&#8220;on&#8220;] [\/et_pb_image][\/et_pb_column][et_pb_column type=&#8220;1_2&#8243;][et_pb_image admin_label=&#8220;Obr\u00e1zek&#8220; src=&#8220;http:\/\/aptech.cz\/wp-content\/uploads\/aptech-czP2260790.jpg&#8220; show_in_lightbox=&#8220;on&#8220; animation=&#8220;right&#8220;] [\/et_pb_image][\/et_pb_column][\/et_pb_row][et_pb_row admin_label=&#8220;\u0158\u00e1dek&#8220;][et_pb_column type=&#8220;4_4&#8243;][et_pb_divider admin_label=&#8220;Odd\u011blova\u010d&#8220; color=&#8220;#a5a5a5&#8243; show_divider=&#8220;on&#8220;] [\/et_pb_divider][\/et_pb_column][\/et_pb_row][et_pb_row admin_label=&#8220;\u0158\u00e1dek&#8220;][et_pb_column type=&#8220;1_2&#8243;][et_pb_text admin_label=&#8220;Text&#8220;]<\/p>\n<h2>Oh\u0159evy vakuovac\u00edch komor<\/h2>\n<p>[\/et_pb_text][\/et_pb_column][et_pb_column type=&#8220;1_2&#8243;][et_pb_text admin_label=&#8220;Text&#8220;]<\/p>\n<h2>Procesn\u00ed moduly pro gener\u00e1tory technick\u00fdch plyn\u016f<\/h2>\n<p>[\/et_pb_text][\/et_pb_column][\/et_pb_row][et_pb_row admin_label=&#8220;\u0158\u00e1dek&#8220;][et_pb_column type=&#8220;1_2&#8243;][et_pb_image admin_label=&#8220;Obr\u00e1zek&#8220; src=&#8220;http:\/\/aptech.cz\/wp-content\/uploads\/aptech-czP1010088.jpg&#8220; show_in_lightbox=&#8220;on&#8220;] [\/et_pb_image][\/et_pb_column][et_pb_column type=&#8220;1_2&#8243;][et_pb_image admin_label=&#8220;Obr\u00e1zek&#8220; src=&#8220;http:\/\/aptech.cz\/wp-content\/uploads\/aptech-czP1130745.jpg&#8220; show_in_lightbox=&#8220;on&#8220; animation=&#8220;right&#8220;] [\/et_pb_image][\/et_pb_column][\/et_pb_row][et_pb_row admin_label=&#8220;\u0158\u00e1dek&#8220;][et_pb_column type=&#8220;4_4&#8243;][et_pb_divider admin_label=&#8220;Odd\u011blova\u010d&#8220; color=&#8220;#a5a5a5&#8243; show_divider=&#8220;on&#8220;] [\/et_pb_divider][\/et_pb_column][\/et_pb_row][et_pb_row admin_label=&#8220;\u0158\u00e1dek&#8220;][et_pb_column type=&#8220;4_4&#8243;][et_pb_text admin_label=&#8220;Text&#8220;]<\/p>\n<h2>\u010cty\u0159-\u017e\u00edlov\u00fd pod\u00e1va\u010d dr\u00e1tu pro legov\u00e1n\u00ed oceli<\/h2>\n<p>[\/et_pb_text][\/et_pb_column][\/et_pb_row][et_pb_row admin_label=&#8220;\u0158\u00e1dek&#8220;][et_pb_column type=&#8220;1_2&#8243;][et_pb_image admin_label=&#8220;Obr\u00e1zek&#8220; src=&#8220;http:\/\/aptech.cz\/wp-content\/uploads\/aptech-czP1090324.jpg&#8220; show_in_lightbox=&#8220;on&#8220;] [\/et_pb_image][\/et_pb_column][et_pb_column type=&#8220;1_2&#8243;][et_pb_image admin_label=&#8220;Obr\u00e1zek&#8220; src=&#8220;http:\/\/aptech.cz\/wp-content\/uploads\/aptech-czP10903261.jpg&#8220; show_in_lightbox=&#8220;on&#8220; animation=&#8220;right&#8220;] [\/et_pb_image][\/et_pb_column][\/et_pb_row][et_pb_row admin_label=&#8220;\u0158\u00e1dek&#8220;][et_pb_column type=&#8220;4_4&#8243;][et_pb_divider admin_label=&#8220;Odd\u011blova\u010d&#8220; color=&#8220;#a5a5a5&#8243; show_divider=&#8220;on&#8220;] [\/et_pb_divider][\/et_pb_column][\/et_pb_row][et_pb_row admin_label=&#8220;\u0158\u00e1dek&#8220;][et_pb_column type=&#8220;1_2&#8243;][et_pb_text admin_label=&#8220;Text&#8220;]<\/p>\n<h2>Pr\u016fmyslov\u00e9 plynov\u00e9 pece<\/h2>\n<p>[\/et_pb_text][\/et_pb_column][et_pb_column type=&#8220;1_2&#8243;][et_pb_text admin_label=&#8220;Text&#8220;]<\/p>\n<h2>Automatizovan\u00e9 linky<\/h2>\n<p>[\/et_pb_text][\/et_pb_column][\/et_pb_row][et_pb_row admin_label=&#8220;\u0158\u00e1dek&#8220;][et_pb_column type=&#8220;1_2&#8243;][et_pb_image admin_label=&#8220;Obr\u00e1zek&#8220; src=&#8220;http:\/\/aptech.cz\/wp-content\/uploads\/aptech-czP7020038.jpg&#8220; show_in_lightbox=&#8220;on&#8220;] [\/et_pb_image][\/et_pb_column][et_pb_column type=&#8220;1_2&#8243;][et_pb_image admin_label=&#8220;Obr\u00e1zek&#8220; src=&#8220;http:\/\/aptech.cz\/wp-content\/uploads\/aptech-czP7020024.jpg&#8220; show_in_lightbox=&#8220;on&#8220; animation=&#8220;right&#8220;] [\/et_pb_image][\/et_pb_column][\/et_pb_row][et_pb_row admin_label=&#8220;\u0158\u00e1dek&#8220;][et_pb_column type=&#8220;4_4&#8243;][et_pb_divider admin_label=&#8220;Odd\u011blova\u010d&#8220; color=&#8220;#a5a5a5&#8243; show_divider=&#8220;on&#8220;] [\/et_pb_divider][\/et_pb_column][\/et_pb_row][et_pb_row admin_label=&#8220;\u0158\u00e1dek&#8220;][et_pb_column type=&#8220;1_2&#8243;][et_pb_text admin_label=&#8220;Text&#8220;]<\/p>\n<h2>Plynov\u00e9 regula\u010dn\u00ed \u0159ady<\/h2>\n<p>[\/et_pb_text][\/et_pb_column][et_pb_column type=&#8220;1_2&#8243;][et_pb_text admin_label=&#8220;Text&#8220;]<\/p>\n<h2>Syst\u00e9my pro m\u00edch\u00e1n\u00ed tekut\u00fdch kov\u016f v\u00a0p\u00e1nvi<\/h2>\n<p>[\/et_pb_text][\/et_pb_column][\/et_pb_row][et_pb_row admin_label=&#8220;\u0158\u00e1dek&#8220;][et_pb_column type=&#8220;1_2&#8243;][et_pb_image admin_label=&#8220;Obr\u00e1zek&#8220; src=&#8220;http:\/\/aptech.cz\/wp-content\/uploads\/aptech-czPA250641.jpg&#8220; show_in_lightbox=&#8220;on&#8220;] [\/et_pb_image][\/et_pb_column][et_pb_column type=&#8220;1_2&#8243;][et_pb_image admin_label=&#8220;Obr\u00e1zek&#8220; src=&#8220;http:\/\/aptech.cz\/wp-content\/uploads\/aptech-czPB040018.jpg&#8220; show_in_lightbox=&#8220;on&#8220; animation=&#8220;right&#8220;] [\/et_pb_image][\/et_pb_column][\/et_pb_row][et_pb_row admin_label=&#8220;\u0158\u00e1dek&#8220;][et_pb_column type=&#8220;4_4&#8243;][et_pb_divider admin_label=&#8220;Odd\u011blova\u010d&#8220; color=&#8220;#a5a5a5&#8243; show_divider=&#8220;on&#8220;] [\/et_pb_divider][\/et_pb_column][\/et_pb_row][et_pb_row admin_label=&#8220;\u0158\u00e1dek&#8220;][et_pb_column type=&#8220;1_2&#8243;][et_pb_text admin_label=&#8220;Text&#8220;]<\/p>\n<h2>Silnoproud\u00e9 rozvodny a rozv\u00e1d\u011b\u010de vn, nn<\/h2>\n<p>[\/et_pb_text][\/et_pb_column][et_pb_column type=&#8220;1_2&#8243;][et_pb_text admin_label=&#8220;Text&#8220;]<\/p>\n<h2>\u0158\u00edd\u00edc\u00ed syst\u00e9my MaR a AS\u0158<\/h2>\n<p>[\/et_pb_text][\/et_pb_column][\/et_pb_row][et_pb_row admin_label=&#8220;\u0158\u00e1dek&#8220;][et_pb_column type=&#8220;1_2&#8243;][et_pb_image admin_label=&#8220;Obr\u00e1zek&#8220; src=&#8220;http:\/\/aptech.cz\/wp-content\/uploads\/aptech-czP4150114.jpg&#8220; show_in_lightbox=&#8220;on&#8220;] [\/et_pb_image][\/et_pb_column][et_pb_column type=&#8220;1_2&#8243;][et_pb_image admin_label=&#8220;Obr\u00e1zek&#8220; src=&#8220;http:\/\/aptech.cz\/wp-content\/uploads\/aptech-czP2260806.jpg&#8220; show_in_lightbox=&#8220;on&#8220; animation=&#8220;right&#8220;] [\/et_pb_image][\/et_pb_column][\/et_pb_row][et_pb_row admin_label=&#8220;\u0158\u00e1dek&#8220;][et_pb_column type=&#8220;4_4&#8243;][et_pb_divider admin_label=&#8220;Odd\u011blova\u010d&#8220; color=&#8220;#a5a5a5&#8243; show_divider=&#8220;on&#8220;] [\/et_pb_divider][\/et_pb_column][\/et_pb_row][\/et_pb_section]<\/p>\n","protected":false},"excerpt":{"rendered":"<p>[et_pb_section bb_built=&#8220;1&#8243; admin_label=&#8220;section&#8220;][et_pb_row admin_label=&#8220;row&#8220; make_fullwidth=&#8220;on&#8220; background_color=&#8220;rgba(0,0,0,0.23)&#8220; padding_top_1=&#8220;20px&#8220; padding_right_1=&#8220;20px&#8220; padding_bottom_1=&#8220;20px&#8220; padding_left_1=&#8220;20px&#8220; parallax_method_1=&#8220;off&#8220;][et_pb_column type=&#8220;4_4&#8243;][et_pb_text admin_label=&#8220;Text&#8220; text_orientation=&#8220;center&#8220; background_layout=&#8220;light&#8220; use_border_color=&#8220;off&#8220; border_color=&#8220;#ffffff&#8220; border_style=&#8220;solid&#8220;] Realized projects [\/et_pb_text][\/et_pb_column][\/et_pb_row][et_pb_row admin_label=&#8220;\u0158\u00e1dek&#8220;][et_pb_column type=&#8220;4_4&#8243;][et_pb_text admin_label=&#8220;Text&#8220;] Kysl\u00edko-plynov\u00e9 ho\u0159\u00e1ky [\/et_pb_text][\/et_pb_column][\/et_pb_row][et_pb_row admin_label=&#8220;\u0158\u00e1dek&#8220;][et_pb_column type=&#8220;1_2&#8243;][et_pb_image admin_label=&#8220;Obr\u00e1zek&#8220; src=&#8220;http:\/\/aptech.cz\/wp-content\/uploads\/aptech-czP1010064.jpg&#8220; show_in_lightbox=&#8220;on&#8220;] [\/et_pb_image][\/et_pb_column][et_pb_column type=&#8220;1_2&#8243;][et_pb_image admin_label=&#8220;Obr\u00e1zek&#8220; src=&#8220;http:\/\/aptech.cz\/wp-content\/uploads\/aptech-czP1010134.jpg&#8220; show_in_lightbox=&#8220;on&#8220; animation=&#8220;right&#8220;] [\/et_pb_image][\/et_pb_column][\/et_pb_row][et_pb_row admin_label=&#8220;\u0158\u00e1dek&#8220;][et_pb_column type=&#8220;4_4&#8243;][et_pb_divider admin_label=&#8220;Odd\u011blova\u010d&#8220; color=&#8220;#a5a5a5&#8243; show_divider=&#8220;on&#8220;] [\/et_pb_divider][\/et_pb_column][\/et_pb_row][et_pb_row admin_label=&#8220;\u0158\u00e1dek&#8220;][et_pb_column type=&#8220;1_2&#8243;][et_pb_text admin_label=&#8220;Text&#8220; disabled_on=&#8220;off|on|off&#8220;] Svisl\u00e9 oh\u0159evy ocel\u00e1rensk\u00fdch p\u00e1nv\u00ed [\/et_pb_text][\/et_pb_column][et_pb_column type=&#8220;1_2&#8243;][et_pb_text [&hellip;]<\/p>\n","protected":false},"author":1,"featured_media":0,"parent":0,"menu_order":0,"comment_status":"closed","ping_status":"closed","template":"","meta":{"_et_pb_use_builder":"on","_et_pb_old_content":"","_et_gb_content_width":""},"_links":{"self":[{"href":"http:\/\/aptech.cz\/index.php?rest_route=\/wp\/v2\/pages\/24796"}],"collection":[{"href":"http:\/\/aptech.cz\/index.php?rest_route=\/wp\/v2\/pages"}],"about":[{"href":"http:\/\/aptech.cz\/index.php?rest_route=\/wp\/v2\/types\/page"}],"author":[{"embeddable":true,"href":"http:\/\/aptech.cz\/index.php?rest_route=\/wp\/v2\/users\/1"}],"replies":[{"embeddable":true,"href":"http:\/\/aptech.cz\/index.php?rest_route=%2Fwp%2Fv2%2Fcomments&post=24796"}],"version-history":[{"count":4,"href":"http:\/\/aptech.cz\/index.php?rest_route=\/wp\/v2\/pages\/24796\/revisions"}],"predecessor-version":[{"id":24814,"href":"http:\/\/aptech.cz\/index.php?rest_route=\/wp\/v2\/pages\/24796\/revisions\/24814"}],"wp:attachment":[{"href":"http:\/\/aptech.cz\/index.php?rest_route=%2Fwp%2Fv2%2Fmedia&parent=24796"}],"curies":[{"name":"wp","href":"https:\/\/api.w.org\/{rel}","templated":true}]}}