{"id":24803,"date":"2017-03-07T17:35:42","date_gmt":"2017-03-07T16:35:42","guid":{"rendered":"http:\/\/aptech.cz\/?page_id=24803"},"modified":"2017-03-07T17:59:08","modified_gmt":"2017-03-07T16:59:08","slug":"home","status":"publish","type":"page","link":"http:\/\/aptech.cz\/?page_id=24803&lang=en","title":{"rendered":"Home"},"content":{"rendered":"<p>[et_pb_section bb_built=&#8220;1&#8243; admin_label=&#8220;section&#8220; fullwidth=&#8220;on&#8220; specialty=&#8220;off&#8220; transparent_background=&#8220;off&#8220; allow_player_pause=&#8220;off&#8220; inner_shadow=&#8220;off&#8220; parallax=&#8220;off&#8220; parallax_method=&#8220;off&#8220; make_fullwidth=&#8220;off&#8220; use_custom_width=&#8220;off&#8220; width_unit=&#8220;on&#8220; make_equal=&#8220;off&#8220; use_custom_gutter=&#8220;off&#8220; module_id=&#8220;uvod&#8220;][et_pb_fullwidth_slider admin_label=&#8220;Fullwidth Slider&#8220; show_arrows=&#8220;on&#8220; show_pagination=&#8220;on&#8220; auto=&#8220;off&#8220; parallax=&#8220;on&#8220; auto_ignore_hover=&#8220;off&#8220; parallax_method=&#8220;on&#8220; remove_inner_shadow=&#8220;off&#8220; background_position=&#8220;default&#8220; background_size=&#8220;default&#8220; hide_content_on_mobile=&#8220;off&#8220; hide_cta_on_mobile=&#8220;off&#8220; show_image_video_mobile=&#8220;off&#8220; custom_button=&#8220;off&#8220; button_letter_spacing=&#8220;0&#8243; button_use_icon=&#8220;default&#8220; button_icon_placement=&#8220;right&#8220; button_on_hover=&#8220;on&#8220; button_letter_spacing_hover=&#8220;0&#8243;] [et_pb_slide heading=&#8220;A&amp;P Technologies, s.r.o.&#8220; background_color=&#8220;rgba(198,198,198,0.42)&#8220; alignment=&#8220;center&#8220; background_layout=&#8220;dark&#8220; image=&#8220;http:\/\/aptech.cz\/wp-content\/uploads\/logo-aptech-cz-1.png&#8220; background_image=&#8220;http:\/\/aptech.cz\/wp-content\/uploads\/back1.jpg&#8220; background_position=&#8220;default&#8220; background_size=&#8220;default&#8220; use_bg_overlay=&#8220;on&#8220; use_text_overlay=&#8220;off&#8220; allow_player_pause=&#8220;off&#8220; text_border_radius=&#8220;3&#8243; header_font_select=&#8220;default&#8220; header_font=&#8220;||||&#8220; body_font_select=&#8220;default&#8220; body_font=&#8220;||||&#8220; custom_button=&#8220;off&#8220; button_font_select=&#8220;default&#8220; button_font=&#8220;||||&#8220; button_use_icon=&#8220;default&#8220; button_icon_placement=&#8220;right&#8220; button_on_hover=&#8220;on&#8220; bg_overlay_color=&#8220;rgba(0,0,0,0.6)&#8220; header_font_size=&#8220;54&#8243; header_font_size_tablet=&#8220;54&#8243; header_font_size_phone=&#8220;54&#8243;]<\/p>\n<h1>Advanced &amp; progressive Technologies<\/h1>\n<p>[\/et_pb_slide][et_pb_slide heading=&#8220;Slide Title&#8220; button_text=&#8220;Learn More&#8220; button_link=&#8220;#&#8220; background_color=&#8220;#f84c48&#8243; alignment=&#8220;center&#8220; background_layout=&#8220;dark&#8220;] Quisque eleifend orci sit amet est semper, iaculis tempor mi volutpat. Phasellus consectetur justo sed tristique molestie. Cras lectus quam, vehicula eu dictum a, sollicitudin id velit. [\/et_pb_slide] [\/et_pb_fullwidth_slider][\/et_pb_section][et_pb_section bb_built=&#8220;1&#8243; admin_label=&#8220;section&#8220; transparent_background=&#8220;off&#8220; allow_player_pause=&#8220;off&#8220; inner_shadow=&#8220;off&#8220; parallax=&#8220;off&#8220; parallax_method=&#8220;off&#8220; make_fullwidth=&#8220;off&#8220; use_custom_width=&#8220;off&#8220; width_unit=&#8220;on&#8220; make_equal=&#8220;off&#8220; use_custom_gutter=&#8220;off&#8220; module_id=&#8220;produkty&#8220;][et_pb_row admin_label=&#8220;\u0158\u00e1dek&#8220; make_fullwidth=&#8220;on&#8220; use_custom_width=&#8220;off&#8220; width_unit=&#8220;on&#8220; use_custom_gutter=&#8220;off&#8220; allow_player_pause=&#8220;off&#8220; parallax=&#8220;off&#8220; parallax_method=&#8220;off&#8220; make_equal=&#8220;off&#8220; parallax_1=&#8220;off&#8220; parallax_method_1=&#8220;off&#8220; custom_padding=&#8220;10px||10px|&#8220;][et_pb_column type=&#8220;4_4&#8243;][et_pb_text admin_label=&#8220;Text&#8220; background_layout=&#8220;light&#8220; text_orientation=&#8220;center&#8220; use_border_color=&#8220;off&#8220; border_color=&#8220;#ffffff&#8220; border_style=&#8220;solid&#8220; background_color=&#8220;rgba(0,0,0,0.11)&#8220; custom_padding=&#8220;15px||15px|&#8220;]<\/p>\n<h1><strong><span id=\"result_box\" class=\"short_text\" lang=\"en\"><span class=\"\">Products<\/span> <span class=\"\">and<\/span> <span class=\"\">components<\/span><\/span><\/strong><\/h1>\n<p><strong>V r\u00e1mci zvy\u0161ov\u00e1n\u00ed komplexnosti slu\u017eeb p\u0159i realizaci projekt\u016f zabezpe\u010dujeme dod\u00e1vku v\u0161ech komponent<br \/>\na t\u00edm nab\u00edz\u00edme z\u00e1kazn\u00edk\u016fm nejen &#8222;zbo\u017e\u00ed&#8220; ale hotov\u00e1 \u0159e\u0161en\u00ed.<\/strong><\/p>\n<p>[\/et_pb_text][\/et_pb_column][\/et_pb_row][et_pb_row admin_label=&#8220;row&#8220;][et_pb_column type=&#8220;1_2&#8243;][et_pb_blurb admin_label=&#8220;Blurb&#8220; title=&#8220;V\u00fdroba a dod\u00e1vky rozv\u00e1d\u011b\u010d\u016f vn, nn, MaR a AS\u0158&#8220; url_new_window=&#8220;off&#8220; use_icon=&#8220;on&#8220; icon_color=&#8220;#2ec1ff&#8220; use_circle=&#8220;on&#8220; circle_color=&#8220;#ffffff&#8220; use_circle_border=&#8220;on&#8220; circle_border_color=&#8220;#2ec1ff&#8220; image=&#8220;http:\/\/elegantthemesimages.com\/images\/premade\/d2-placeholder-320px.jpg&#8220; icon_placement=&#8220;top&#8220; animation=&#8220;top&#8220; background_layout=&#8220;light&#8220; text_orientation=&#8220;center&#8220; font_icon=&#8220;%%140%%&#8220; use_icon_font_size=&#8220;off&#8220; use_border_color=&#8220;off&#8220; border_color=&#8220;#ffffff&#8220; border_style=&#8220;solid&#8220;]<\/p>\n<p>N\u00e1mi dod\u00e1van\u00e9 rozvad\u011b\u010de mohou b\u00fdt vybaveny podle p\u0159\u00e1n\u00ed z\u00e1kazn\u00edka.<\/p>\n<p>[\/et_pb_blurb][\/et_pb_column][et_pb_column type=&#8220;1_2&#8243;][et_pb_blurb admin_label=&#8220;Blurb&#8220; title=&#8220;Ho\u0159\u00e1kov\u00e9 syst\u00e9my a pr\u016fmyslov\u00e9 oh\u0159evy&#8220; url_new_window=&#8220;off&#8220; use_icon=&#8220;on&#8220; icon_color=&#8220;#2ec1ff&#8220; use_circle=&#8220;on&#8220; circle_color=&#8220;#ffffff&#8220; use_circle_border=&#8220;on&#8220; circle_border_color=&#8220;#2ec1ff&#8220; image=&#8220;http:\/\/elegantthemesimages.com\/images\/premade\/d2-placeholder-320px.jpg&#8220; icon_placement=&#8220;top&#8220; animation=&#8220;top&#8220; background_layout=&#8220;light&#8220; text_orientation=&#8220;center&#8220; font_icon=&#8220;%%65%%&#8220; use_icon_font_size=&#8220;off&#8220; use_border_color=&#8220;off&#8220; border_color=&#8220;#ffffff&#8220; border_style=&#8220;solid&#8220;]<\/p>\n<p>Navrhneme, dod\u00e1me a zprovozn\u00edme \u00a0komplexn\u00ed \u0159e\u0161en\u00ed pr\u016fmyslov\u00fdch oh\u0159ev\u016f a pec\u00ed.<\/p>\n<p>[\/et_pb_blurb][\/et_pb_column][\/et_pb_row][et_pb_row admin_label=&#8220;\u0158\u00e1dek&#8220;][et_pb_column type=&#8220;1_2&#8243;][et_pb_gallery admin_label=&#8220;Galerie&#8220; gallery_ids=&#8220;24660,24661&#8243; fullwidth=&#8220;off&#8220; posts_number=&#8220;2&#8243; show_title_and_caption=&#8220;off&#8220; show_pagination=&#8220;off&#8220; background_layout=&#8220;light&#8220; auto=&#8220;off&#8220; hover_overlay_color=&#8220;rgba(255,255,255,0.9)&#8220; use_border_color=&#8220;on&#8220; border_color=&#8220;#000000&#8243; border_style=&#8220;solid&#8220; border_width=&#8220;3px&#8220;] [\/et_pb_gallery][\/et_pb_column][et_pb_column type=&#8220;1_2&#8243;][et_pb_gallery admin_label=&#8220;Galerie&#8220; gallery_ids=&#8220;24665,24666&#8243; fullwidth=&#8220;off&#8220; posts_number=&#8220;2&#8243; show_title_and_caption=&#8220;off&#8220; show_pagination=&#8220;off&#8220; background_layout=&#8220;light&#8220; auto=&#8220;off&#8220; hover_overlay_color=&#8220;rgba(255,255,255,0.9)&#8220; use_border_color=&#8220;on&#8220; border_color=&#8220;#000000&#8243; border_style=&#8220;solid&#8220; border_width=&#8220;3px&#8220;] [\/et_pb_gallery][\/et_pb_column][\/et_pb_row][\/et_pb_section][et_pb_section bb_built=&#8220;1&#8243; admin_label=&#8220;Sekce&#8220; fullwidth=&#8220;off&#8220; specialty=&#8220;off&#8220; background_image=&#8220;http:\/\/aptech.cz\/wp-content\/uploads\/slider.jpg&#8220; transparent_background=&#8220;on&#8220; allow_player_pause=&#8220;off&#8220; inner_shadow=&#8220;off&#8220; parallax=&#8220;on&#8220; parallax_method=&#8220;on&#8220; make_fullwidth=&#8220;off&#8220; use_custom_width=&#8220;off&#8220; width_unit=&#8220;on&#8220; make_equal=&#8220;off&#8220; use_custom_gutter=&#8220;off&#8220; module_id=&#8220;sluzby&#8220;][et_pb_row admin_label=&#8220;\u0158\u00e1dek&#8220;][et_pb_column type=&#8220;4_4&#8243;][et_pb_text admin_label=&#8220;Text&#8220; background_layout=&#8220;dark&#8220; text_orientation=&#8220;center&#8220; use_border_color=&#8220;off&#8220; border_color=&#8220;#ffffff&#8220; border_style=&#8220;solid&#8220;]<\/p>\n<h1><strong><span id=\"result_box\" class=\"short_text\" lang=\"en\"><span class=\"\">Services and activities<\/span><\/span><\/strong><\/h1>\n<p>[\/et_pb_text][\/et_pb_column][\/et_pb_row][et_pb_row admin_label=&#8220;\u0158\u00e1dek&#8220;][et_pb_column type=&#8220;1_2&#8243;][et_pb_text admin_label=&#8220;Text&#8220; background_layout=&#8220;dark&#8220; text_orientation=&#8220;left&#8220; use_border_color=&#8220;off&#8220; border_color=&#8220;#ffffff&#8220; border_style=&#8220;solid&#8220;]<\/p>\n<h1><strong>Plynov\u00e1 a strojn\u00ed za\u0159\u00edzen\u00ed<\/strong><\/h1>\n<ul>\n<li><strong>Projektov\u00e1 \u010dinnost<\/strong><\/li>\n<li><strong>Uv\u00e1d\u011bn\u00ed do provozu<\/strong><\/li>\n<li><strong>Revize<\/strong><\/li>\n<li><strong>\u00dadr\u017eba<\/strong><\/li>\n<li><strong>&#8230; a dal\u0161\u00ed<br \/>\n<\/strong><\/li>\n<\/ul>\n<h1><strong>Elektroza\u0159\u00edzen\u00ed a \u0159\u00edd\u00edc\u00ed syst\u00e9my<\/strong><\/h1>\n<ul>\n<li><strong>Projektov\u00e1 \u010dinnost silnoproudu<\/strong><\/li>\n<li><strong>Projektov\u00e1 \u010dinnost MaR a AS\u0158<\/strong><\/li>\n<li><strong>Programov\u00e1n\u00ed \u0159\u00edd\u00edc\u00edho SW<\/strong><\/li>\n<li><strong>Technick\u00e1 pomoc p\u0159i uv\u00e1d\u011bn\u00ed do provozu<\/strong><\/li>\n<li><strong>&#8230; a dal\u0161\u00ed<br \/>\n<\/strong><\/li>\n<\/ul>\n<p>[\/et_pb_text][\/et_pb_column][et_pb_column type=&#8220;1_2&#8243;][\/et_pb_column][\/et_pb_row][\/et_pb_section][et_pb_section bb_built=&#8220;1&#8243; admin_label=&#8220;Sekce&#8220; fullwidth=&#8220;on&#8220; specialty=&#8220;off&#8220;][et_pb_fullwidth_map admin_label=&#8220;Tu\u010dn\u00e9 mapy&#8220; address=&#8220;Old\u0159ichovice 738, 739 61 T\u0159inec, \u010cesko&#8220; zoom_level=&#8220;17&#8243; address_lat=&#8220;49.662841984079165&#8243; address_lng=&#8220;18.64846896011884&#8243; mouse_wheel=&#8220;off&#8220; mobile_dragging=&#8220;on&#8220;] [et_pb_map_pin title=&#8220;A&amp;P Technologies s.r.o.&#8220; pin_address=&#8220;Old\u0159ichovice 738, 739 61 T\u0159inec, \u010cesko&#8220; pin_address_lat=&#8220;49.6628546&#8243; pin_address_lng=&#8220;18.648493099999996&#8243;]<strong>A &amp; P Technologies, s.r.o.<\/strong><br \/>\nOld\u0159ichovice 738<br \/>\n739 61 T\u0159inec<br \/>\nCzech Republic<br \/>\ntel.: +420 558 324 803<br \/>\nfax: +420 558 324 802[\/et_pb_map_pin] [\/et_pb_fullwidth_map][\/et_pb_section][et_pb_section bb_built=&#8220;1&#8243; admin_label=&#8220;section&#8220; fullwidth=&#8220;off&#8220; specialty=&#8220;off&#8220; inner_shadow=&#8220;off&#8220; parallax=&#8220;off&#8220;][et_pb_row admin_label=&#8220;row&#8220;][et_pb_column type=&#8220;1_2&#8243;][et_pb_contact_form admin_label=&#8220;Contact Form&#8220; captcha=&#8220;on&#8220; title=&#8220;Kontaktujte n\u00e1s&#8220; email=&#8220;aptech@aptech.cz&#8220; use_redirect=&#8220;off&#8220; input_border_radius=&#8220;0&#8243; use_border_color=&#8220;off&#8220; border_color=&#8220;#ffffff&#8220; border_style=&#8220;solid&#8220; custom_button=&#8220;off&#8220; button_letter_spacing=&#8220;0&#8243; button_use_icon=&#8220;default&#8220; button_icon_placement=&#8220;right&#8220; button_on_hover=&#8220;on&#8220; button_letter_spacing_hover=&#8220;0&#8243;] [et_pb_contact_field field_title=&#8220;Jm\u00e9no&#8220; field_type=&#8220;input&#8220; field_id=&#8220;Name&#8220; required_mark=&#8220;on&#8220; fullwidth_field=&#8220;off&#8220; \/][et_pb_contact_field field_title=&#8220;E-mailov\u00e1 adresa&#8220; field_type=&#8220;email&#8220; field_id=&#8220;Email&#8220; required_mark=&#8220;on&#8220; fullwidth_field=&#8220;off&#8220; \/][et_pb_contact_field field_title=&#8220;Zpr\u00e1va&#8220; field_type=&#8220;text&#8220; field_id=&#8220;Message&#8220; required_mark=&#8220;on&#8220; fullwidth_field=&#8220;on&#8220; \/] [\/et_pb_contact_form][\/et_pb_column][et_pb_column type=&#8220;1_4&#8243;][et_pb_text admin_label=&#8220;Text&#8220; background_layout=&#8220;light&#8220; text_orientation=&#8220;left&#8220; use_border_color=&#8220;off&#8220; border_color=&#8220;#ffffff&#8220; border_style=&#8220;solid&#8220;]<\/p>\n<h4><strong>A &amp; P Technologies, s.r.o.<\/strong><\/h4>\n<h4>Old\u0159ichovice 738<br \/>\n739 61 T\u0159inec<br \/>\nCzech Republic<br \/>\ntel.: +420 558 324 803<br \/>\nfax: +420 558 324 802<br \/>\ne-mail: <a href=\"mailto:aptech@aptech.cz\">aptech@aptech.cz<\/a><\/h4>\n<p>&nbsp;<\/p>\n<p>[\/et_pb_text][\/et_pb_column][et_pb_column type=&#8220;1_4&#8243;][et_pb_image admin_label=&#8220;Obr\u00e1zek&#8220; src=&#8220;http:\/\/aptech.cz\/wp-content\/uploads\/logo-aptech-cz.png&#8220; show_in_lightbox=&#8220;off&#8220; url_new_window=&#8220;off&#8220; use_overlay=&#8220;off&#8220; animation=&#8220;left&#8220; sticky=&#8220;off&#8220; align=&#8220;left&#8220; force_fullwidth=&#8220;off&#8220; always_center_on_mobile=&#8220;on&#8220; use_border_color=&#8220;off&#8220; border_color=&#8220;#ffffff&#8220; border_style=&#8220;solid&#8220; custom_margin=&#8220;||60px|&#8220;] [\/et_pb_image][et_pb_code admin_label=&#8220;K\u00f3d&#8220;]&lt;center&gt;&lt;script language=&#8220;JavaScript&#8220; type=&#8220;text\/javascript&#8220;&gt;&lt;!&#8211; [et_pb_line_break_holder] &#8211;&gt; &lt;!&#8211;&lt;!&#8211; [et_pb_line_break_holder] &#8211;&gt; document.write (&#8218;&lt;img src=&#8220;http:\/\/toplist.cz\/count.asp?id=209790&amp;logo=mc&amp;http=&#8217;+escape(document.referrer)+&#8217;&amp;wi=&#8217;+escape(window.screen.width)+&#8217;&amp;he=&#8217;+escape(window.screen.height)+&#8217;&amp;cd=&#8217;+escape(window.screen.colorDepth)+&#8217;&amp;t=&#8217;+escape(document.title)+'&#8220; width=&#8220;88&#8243; height=&#8220;60&#8243; border=0 alt=&#8220;TOPlist&#8220; \/&gt;&#8216;);&lt;!&#8211; [et_pb_line_break_holder] &#8211;&gt; \/\/&#8211;&gt;&lt;!&#8211; [et_pb_line_break_holder] &#8211;&gt; &lt;\/script&gt;&lt;\/center&gt;[\/et_pb_code][\/et_pb_column][\/et_pb_row][\/et_pb_section]<\/p>\n","protected":false},"excerpt":{"rendered":"<p>[et_pb_section bb_built=&#8220;1&#8243; admin_label=&#8220;section&#8220; fullwidth=&#8220;on&#8220; specialty=&#8220;off&#8220; transparent_background=&#8220;off&#8220; allow_player_pause=&#8220;off&#8220; inner_shadow=&#8220;off&#8220; parallax=&#8220;off&#8220; parallax_method=&#8220;off&#8220; make_fullwidth=&#8220;off&#8220; use_custom_width=&#8220;off&#8220; width_unit=&#8220;on&#8220; make_equal=&#8220;off&#8220; use_custom_gutter=&#8220;off&#8220; module_id=&#8220;uvod&#8220;][et_pb_fullwidth_slider admin_label=&#8220;Fullwidth Slider&#8220; show_arrows=&#8220;on&#8220; show_pagination=&#8220;on&#8220; auto=&#8220;off&#8220; parallax=&#8220;on&#8220; auto_ignore_hover=&#8220;off&#8220; parallax_method=&#8220;on&#8220; remove_inner_shadow=&#8220;off&#8220; background_position=&#8220;default&#8220; background_size=&#8220;default&#8220; hide_content_on_mobile=&#8220;off&#8220; hide_cta_on_mobile=&#8220;off&#8220; show_image_video_mobile=&#8220;off&#8220; custom_button=&#8220;off&#8220; button_letter_spacing=&#8220;0&#8243; button_use_icon=&#8220;default&#8220; button_icon_placement=&#8220;right&#8220; button_on_hover=&#8220;on&#8220; button_letter_spacing_hover=&#8220;0&#8243;] [et_pb_slide heading=&#8220;A&amp;P Technologies, s.r.o.&#8220; background_color=&#8220;rgba(198,198,198,0.42)&#8220; alignment=&#8220;center&#8220; background_layout=&#8220;dark&#8220; image=&#8220;http:\/\/aptech.cz\/wp-content\/uploads\/logo-aptech-cz-1.png&#8220; background_image=&#8220;http:\/\/aptech.cz\/wp-content\/uploads\/back1.jpg&#8220; background_position=&#8220;default&#8220; background_size=&#8220;default&#8220; use_bg_overlay=&#8220;on&#8220; use_text_overlay=&#8220;off&#8220; allow_player_pause=&#8220;off&#8220; text_border_radius=&#8220;3&#8243; header_font_select=&#8220;default&#8220; header_font=&#8220;||||&#8220; body_font_select=&#8220;default&#8220; body_font=&#8220;||||&#8220; [&hellip;]<\/p>\n","protected":false},"author":1,"featured_media":0,"parent":0,"menu_order":0,"comment_status":"closed","ping_status":"closed","template":"","meta":{"_et_pb_use_builder":"on","_et_pb_old_content":"","_et_gb_content_width":""},"_links":{"self":[{"href":"http:\/\/aptech.cz\/index.php?rest_route=\/wp\/v2\/pages\/24803"}],"collection":[{"href":"http:\/\/aptech.cz\/index.php?rest_route=\/wp\/v2\/pages"}],"about":[{"href":"http:\/\/aptech.cz\/index.php?rest_route=\/wp\/v2\/types\/page"}],"author":[{"embeddable":true,"href":"http:\/\/aptech.cz\/index.php?rest_route=\/wp\/v2\/users\/1"}],"replies":[{"embeddable":true,"href":"http:\/\/aptech.cz\/index.php?rest_route=%2Fwp%2Fv2%2Fcomments&post=24803"}],"version-history":[{"count":5,"href":"http:\/\/aptech.cz\/index.php?rest_route=\/wp\/v2\/pages\/24803\/revisions"}],"predecessor-version":[{"id":24816,"href":"http:\/\/aptech.cz\/index.php?rest_route=\/wp\/v2\/pages\/24803\/revisions\/24816"}],"wp:attachment":[{"href":"http:\/\/aptech.cz\/index.php?rest_route=%2Fwp%2Fv2%2Fmedia&parent=24803"}],"curies":[{"name":"wp","href":"https:\/\/api.w.org\/{rel}","templated":true}]}}